{"id":4,"date":"2013-01-25T21:30:23","date_gmt":"2013-01-25T19:30:23","guid":{"rendered":"http:\/\/www.maxdorfer-geschichte.de\/?page_id=4"},"modified":"2023-12-20T16:57:25","modified_gmt":"2023-12-20T14:57:25","slug":"impressum","status":"publish","type":"page","link":"https:\/\/www.maxdorfer-geschichte.de\/?page_id=4","title":{"rendered":"Impressum"},"content":{"rendered":"<p><b>Verantwortlich f\u00fcr den Inhalt: Verein f\u00fcr Geschichte und Kultur Maxdorf 2010 e.V. (auch Angaben gem\u00e4\u00df \u00a7 6 TMG)<\/b><br \/>\n1. Vorstand: Ferdinand Fiedler<br \/>\nNibelungenweg 1<br \/>\n67133 Maxdorf<br \/>\n<a href=\"mailto:ferdinand.fiedler@gmx.de\">Mail<\/a><\/p>\n<p><b>Verweise auf fremde Internetseiten<\/b> Der Verein f\u00fcr Geschichte und Kultur Maxdorf 2010 e.V. erkl\u00e4rt ausdr\u00fccklich, dass zum Zeitpunkt der Setzung eines direkten oder indirekten Links die derart in Bezug genommenen Seiten frei von illegalen Inhalten waren. Der Verein hat jedoch keinerlei Einfluss auf die aktuelle und zuk\u00fcnftige Gestaltung und auf die Inhalte der gelinkten\/verkn\u00fcpften Seiten. Deshalb distanziert er sich hiermit ausdr\u00fccklich von allen Inhalten aller gelinkten \/ verkn\u00fcpften Seiten, die nach der Setzung des Links ver\u00e4ndert wurden. F\u00fcr illegale, fehlerhafte oder unvollst\u00e4ndige Inhalte und insbesondere f\u00fcr Sch\u00e4den, die aus der Nutzung oder Nichtnutzung der auf solche Seiten dargebotenen Informationen entstehen, haftet allein der Anbieter der Seite, auf welche verwiesen wurde, nicht der Verein f\u00fcr Geschichte und Kultur Maxdorf 2010 e.V. Sofern Teile oder einzelne Formulierungen hiervon der geltenden Rechtslage nicht, nicht mehr oder nicht vollst\u00e4ndig entsprechen sollten, bleiben die \u00fcbrigen Teile der vorstehenden Erkl\u00e4rung in ihrem Inhalt und ihrer G\u00fcltigkeit davon unber\u00fchrt.<\/p>\n","protected":false},"excerpt":{"rendered":"<p>Verantwortlich f\u00fcr den Inhalt: Verein f\u00fcr Geschichte und Kultur Maxdorf 2010 e.V. (auch Angaben gem\u00e4\u00df \u00a7 6 TMG) 1. Vorstand: Ferdinand Fiedler Nibelungenweg 1 67133 Maxdorf Mail Verweise auf fremde Internetseiten Der Verein f\u00fcr Geschichte und Kultur Maxdorf 2010 e.V. erkl\u00e4rt ausdr\u00fccklich, dass zum Zeitpunkt der Setzung eines direkten oder indirekten Links die derart in &hellip; <\/p>\n<p><a class=\"more-link btn\" href=\"https:\/\/www.maxdorfer-geschichte.de\/?page_id=4\">Weiterlesen<\/a><\/p>\n","protected":false},"author":4,"featured_media":0,"parent":0,"menu_order":20,"comment_status":"open","ping_status":"closed","template":"","meta":{"advgb_blocks_editor_width":"","advgb_blocks_columns_visual_guide":"","footnotes":""},"class_list":["post-4","page","type-page","status-publish","hentry","nodate","item-wrap"],"coauthors":[],"author_meta":{"author_link":"https:\/\/www.maxdorfer-geschichte.de\/?author=4","display_name":"admin"},"relative_dates":{"created":"Ver\u00f6ffentlicht 13\u00a0Jahren vor","modified":"Aktualisiert 2\u00a0Jahren vor"},"absolute_dates":{"created":"Ver\u00f6ffentlicht am 25. Januar 2013","modified":"Aktualisiert am 20. Dezember 2023"},"absolute_dates_time":{"created":"Ver\u00f6ffentlicht am 25. Januar 2013 21:30","modified":"Aktualisiert am 20. Dezember 2023 16:57"},"featured_img_caption":"","featured_img":false,"series_order":"","_links":{"self":[{"href":"https:\/\/www.maxdorfer-geschichte.de\/index.php?rest_route=\/wp\/v2\/pages\/4","targetHints":{"allow":["GET"]}}],"collection":[{"href":"https:\/\/www.maxdorfer-geschichte.de\/index.php?rest_route=\/wp\/v2\/pages"}],"about":[{"href":"https:\/\/www.maxdorfer-geschichte.de\/index.php?rest_route=\/wp\/v2\/types\/page"}],"author":[{"embeddable":true,"href":"https:\/\/www.maxdorfer-geschichte.de\/index.php?rest_route=\/wp\/v2\/users\/4"}],"replies":[{"embeddable":true,"href":"https:\/\/www.maxdorfer-geschichte.de\/index.php?rest_route=%2Fwp%2Fv2%2Fcomments&post=4"}],"version-history":[{"count":6,"href":"https:\/\/www.maxdorfer-geschichte.de\/index.php?rest_route=\/wp\/v2\/pages\/4\/revisions"}],"predecessor-version":[{"id":825,"href":"https:\/\/www.maxdorfer-geschichte.de\/index.php?rest_route=\/wp\/v2\/pages\/4\/revisions\/825"}],"wp:attachment":[{"href":"https:\/\/www.maxdorfer-geschichte.de\/index.php?rest_route=%2Fwp%2Fv2%2Fmedia&parent=4"}],"curies":[{"name":"wp","href":"https:\/\/api.w.org\/{rel}","templated":true}]}}