{"id":123,"date":"2013-01-26T21:23:40","date_gmt":"2013-01-26T19:23:40","guid":{"rendered":"http:\/\/www.maxdorfer-geschichte.de\/?page_id=123"},"modified":"2024-04-04T08:42:45","modified_gmt":"2024-04-04T06:42:45","slug":"der-verein","status":"publish","type":"page","link":"https:\/\/www.maxdorfer-geschichte.de\/?page_id=123","title":{"rendered":"Der Verein"},"content":{"rendered":"<p><b>Herzlich Willkommen beim Verein f\u00fcr Geschichte und Kultur Maxdorf 2010 e.V.<\/b><\/p>\n<p>Wir haben es uns zur Aufgabe gemacht, die Geschichte Maxdorfs in Rheinland-Pfalz darzustellen. Viel Spa\u00df also beim Betrachten unserer Seiten. \u00dcber Ideen und Anregungen freuen wir uns nat\u00fcrlich. Falls Sie Vereinsmitglied werden m\u00f6chten, verwenden Sie bitte folgende\u00a0<a href=\"https:\/\/www.maxdorfer-geschichte.de\/wp-content\/uploads\/2015\/10\/Beitrittserkl\u00e4rung-2014.pdf\">Beitrittserkl\u00e4rung<\/a>. Per E-Mail erreichen Sie uns \u00fcber <a href=\"mailto:ferdinand.fiedler@gmx.de\">Mail<\/a>.<\/p>\n<p><b>Der Vorstand heute<\/b><br \/>\n1. Vorsitzender: Ferdinand Fiedler<br \/>\n2. Vorsitzender: Bernd Lupberger<br \/>\nKassierer: Stefan Graf<br \/>\nSchriftf\u00fchrer: Frank H\u00fcttner<\/p>\n<p>Webmaster: Bernd Lupberger<\/p>\n<p><b>Vereinsgr\u00fcndung 2010 und Wahl des ersten Vorstands<\/b><br \/>\nDie Gr\u00fcndungsversammlung des Vereins fand am 14. April 2010 statt. Die anwesenden 15 Gr\u00fcndungsmitglieder w\u00e4hlten damals den vierk\u00f6pfigen Vorstand aus Ferdinand Fiedler (1. Vorsitzender), Michael Schimbeno (2. Vorsitzender), Bruno Bartel (Schriftf\u00fchrer) und Stefan Graf (Kassierer). Auf die Gr\u00fcndungsversammlung folgte die Eintragung in das Vereinsregister beim Amtsgericht Ludwigshafen und die Anerkennung des Vereins als gemeinn\u00fctzig durch das Finanzamt Ludwigshafen.<img decoding=\"async\" src=\"https:\/\/www.maxdorfer-geschichte.de\/images\/gruendungsmitglieder.jpg\" alt=\"\" height=\"500\" \/><\/p>\n<p>Das obige Bild zeigt die Gr\u00fcndungsmitglieder des Vereins<\/p>\n<p><img decoding=\"async\" src=\"https:\/\/www.maxdorfer-geschichte.de\/images\/gruendungsvorstand.jpg\" alt=\"\" height=\"500\" \/><\/p>\n<p>Der erste Vereinsvorstand<\/p>\n<p><b>Ziele des Vereins<\/b><br \/>\nSinngem\u00e4\u00df besagt das Gr\u00fcndungsprotokoll: Der Verein sieht seine Aufgabe darin, sich geschichtlicher und kultureller Belange der Ortsgemeinde Maxdorf anzunehmen. Erg\u00e4nzend zu den schon vorhandenen Ortschroniken ist es ein Ziel, ein \u00f6rtliches Dokument- und Bildarchiv zu schaffen und f\u00fcr unterschiedliche Anl\u00e4sse nutzbar zu machen. Dazu sollen private Bilder und Materialien gesammelt und ausgewertet werden. Insbesondere die \u00e4lteren Maxdorfer B\u00fcrger sollen dabei einbezogen werden, damit deren pers\u00f6nliches Wissen um die Geschichte Maxdorfs f\u00fcr die Nachwelt erhalten werden kann.<\/p>\n<p><b>Das Vereins-Emblem<\/b><br \/>\n<img loading=\"lazy\" decoding=\"async\" src=\"https:\/\/www.maxdorfer-geschichte.de\/images\/logoverein.jpg\" alt=\"\" width=\"420\" height=\"300\" name=\"\" align=\"bottom\" border=\"0\" \/><br \/>\nDas Vereins-Emblem zeigt im linken Teil das Fl\u00f6\u00dfer-Denkmal in der Maxdorfer Holzhofstra\u00dfe und rechts daneben das Wappen, welches Maxdorf im Jahre 1952 verliehen wurde. Dieses Maxdorfer Wappen besteht aus einem Schildhaupt mit silbernen und blauen Rauten, das mit einer goldenen K\u00f6nigskrone belegt ist. Die Rauten stehen f\u00fcr das K\u00f6nigreich Bayern, denn zur Zeit seiner Gr\u00fcndung geh\u00f6rte Maxdorf zu Bayern. Die K\u00f6nigskrone bringt zum Ausdruck, dass der damalige K\u00f6nig Maximilian von Bayern dem Ortsnamen, f\u00fcr den er Namensgeber war, zugestimmt hat. Darunter befindet sich ein silbern-rotes Geviert, welches mit einem blauen Wellenbalken und darin einem goldenen Baumstamm belegt ist. Das Geviert ist dem Lambsheimer Ortswappen entlehnt, der Wellenbalken mit Baumstamm verweist auf die Entstehung Maxdorfs aus einem Holzhof.<\/p>\n","protected":false},"excerpt":{"rendered":"<p>Herzlich Willkommen beim Verein f\u00fcr Geschichte und Kultur Maxdorf 2010 e.V. Wir haben es uns zur Aufgabe gemacht, die Geschichte Maxdorfs in Rheinland-Pfalz darzustellen. Viel Spa\u00df also beim Betrachten unserer Seiten. \u00dcber Ideen und Anregungen freuen wir uns nat\u00fcrlich. Falls Sie Vereinsmitglied werden m\u00f6chten, verwenden Sie bitte folgende\u00a0Beitrittserkl\u00e4rung. Per E-Mail erreichen Sie uns \u00fcber Mail. &hellip; <\/p>\n<p><a class=\"more-link btn\" href=\"https:\/\/www.maxdorfer-geschichte.de\/?page_id=123\">Weiterlesen<\/a><\/p>\n","protected":false},"author":4,"featured_media":0,"parent":0,"menu_order":10,"comment_status":"open","ping_status":"closed","template":"","meta":{"advgb_blocks_editor_width":"","advgb_blocks_columns_visual_guide":"","footnotes":""},"class_list":["post-123","page","type-page","status-publish","hentry","nodate","item-wrap"],"coauthors":[],"author_meta":{"author_link":"https:\/\/www.maxdorfer-geschichte.de\/?author=4","display_name":"admin"},"relative_dates":{"created":"Posted 13\u00a0Jahren ago","modified":"Updated 2\u00a0Jahren ago"},"absolute_dates":{"created":"Posted on 26. Januar 2013","modified":"Updated on 4. April 2024"},"absolute_dates_time":{"created":"Posted on 26. Januar 2013 21:23","modified":"Updated on 4. April 2024 08:42"},"featured_img_caption":"","featured_img":false,"series_order":"","_links":{"self":[{"href":"https:\/\/www.maxdorfer-geschichte.de\/index.php?rest_route=\/wp\/v2\/pages\/123","targetHints":{"allow":["GET"]}}],"collection":[{"href":"https:\/\/www.maxdorfer-geschichte.de\/index.php?rest_route=\/wp\/v2\/pages"}],"about":[{"href":"https:\/\/www.maxdorfer-geschichte.de\/index.php?rest_route=\/wp\/v2\/types\/page"}],"author":[{"embeddable":true,"href":"https:\/\/www.maxdorfer-geschichte.de\/index.php?rest_route=\/wp\/v2\/users\/4"}],"replies":[{"embeddable":true,"href":"https:\/\/www.maxdorfer-geschichte.de\/index.php?rest_route=%2Fwp%2Fv2%2Fcomments&post=123"}],"version-history":[{"count":19,"href":"https:\/\/www.maxdorfer-geschichte.de\/index.php?rest_route=\/wp\/v2\/pages\/123\/revisions"}],"predecessor-version":[{"id":1767,"href":"https:\/\/www.maxdorfer-geschichte.de\/index.php?rest_route=\/wp\/v2\/pages\/123\/revisions\/1767"}],"wp:attachment":[{"href":"https:\/\/www.maxdorfer-geschichte.de\/index.php?rest_route=%2Fwp%2Fv2%2Fmedia&parent=123"}],"curies":[{"name":"wp","href":"https:\/\/api.w.org\/{rel}","templated":true}]}}